{"id":81,"date":"2024-05-06T19:40:41","date_gmt":"2024-05-06T17:40:41","guid":{"rendered":"https:\/\/shop.skycarga.com\/?post_type=product&#038;p=81"},"modified":"2024-05-06T20:30:54","modified_gmt":"2024-05-06T18:30:54","slug":"echo-dot-5-a-generacion-modelo-de-2022-parlante-inteligente-con-alexa-carbon","status":"publish","type":"product","link":"https:\/\/shop.skycarga.com\/index.php\/product\/echo-dot-5-a-generacion-modelo-de-2022-parlante-inteligente-con-alexa-carbon\/","title":{"rendered":"Echo Dot (5.\u00aa generaci\u00f3n, modelo de 2022) | Parlante inteligente con Alexa | Carb\u00f3n"},"content":{"rendered":"<ul class=\"a-unordered-list a-vertical a-spacing-mini\">\n<li class=\"a-spacing-mini\"><span class=\"a-list-item\">NUESTRO ECHO DOT CON MEJOR SONIDO ACTUALMENTE \u2013 Disfruta de una experiencia de audio superior a los Echo Dot anteriores con Alexa, en la que obtendr\u00e1s voces m\u00e1s n\u00edtidas, graves m\u00e1s profundos y sonido vibrante en cualquier habitaci\u00f3n.<\/span><\/li>\n<li class=\"a-spacing-mini\"><span class=\"a-list-item\">TU M\u00daSICA Y CONTENIDO FAVORITOS \u2013 Reproduce m\u00fasica, audiolibros y podcasts en Amazon Music, Apple Music, Spotify y otros servicios o a trav\u00e9s de Bluetooth en tu hogar.<\/span><\/li>\n<li class=\"a-spacing-mini\"><span class=\"a-list-item\">ALEXA TE AYUDA CON GUSTO \u2013 P\u00eddele a Alexa que te d\u00e9 actualizaciones del clima y que ponga timers con tan solo usar la voz. Incluso puedes obtener respuestas a tus preguntas y pedirle chistes. \u00bfQuieres dormir unos minutos m\u00e1s por la ma\u00f1ana? Toca ligeramente la parte superior del Echo Dot para posponer alarmas.<\/span><\/li>\n<li class=\"a-spacing-mini\"><span class=\"a-list-item\">MANT\u00c9N UN AMBIENTE ACOGEDOR EN TU CASA \u2013 Controla dispositivos de Smart Home compatibles con la voz y rutinas que activan acciones utilizando los sensores integrados de temperatura interior y movimiento. Crea rutinas para encender autom\u00e1ticamente luces compatibles cuando entres a una habitaci\u00f3n o para encender un ventilador si la temperatura interior se eleva m\u00e1s all\u00e1 de tu zona de confort.<\/span><\/li>\n<li class=\"a-spacing-mini\"><span class=\"a-list-item\">APROVECHA AL M\u00c1XIMO LA VINCULACI\u00d3N DE DISPOSITIVOS \u2013 Llena tu casa con m\u00fasica usando dispositivos Echo compatibles en distintas habitaciones y crea un sistema de cine en casa con Fire TV.<\/span><\/li>\n<li class=\"a-spacing-mini\"><span class=\"a-list-item\">DISE\u00d1O QUE PROTEGE TU PRIVACIDAD \u2013 Amazon no se dedica a vender tu informaci\u00f3n personal a terceros. Cuenta con varias capas de controles de privacidad, incluyendo un bot\u00f3n para desactivar los micr\u00f3fonos.<\/span><\/li>\n<\/ul>\n","protected":false},"excerpt":{"rendered":"<p><span class=\"a-list-item\">ALEXA TE AYUDA CON GUSTO \u2013 P\u00eddele a Alexa que te d\u00e9 actualizaciones del clima y que ponga timers con tan solo usar la voz. Incluso puedes obtener respuestas a tus preguntas y pedirle chistes. \u00bfQuieres dormir unos minutos m\u00e1s por la ma\u00f1ana? Toca ligeramente la parte superior del Echo Dot para posponer alarmas.<\/span><\/p>\n<p><span class=\"x193iq5w xeuugli x13faqbe x1vvkbs x1xmvt09 x6prxxf xvq8zen xo1l8bm xzsf02u\"><b>ENVIO GRATIS A TODO COLOMBIA 15 DIAS DE ENTREGA<\/b><\/span><\/p>\n","protected":false},"featured_media":88,"comment_status":"open","ping_status":"closed","template":"","meta":[],"product_cat":[26],"product_tag":[],"class_list":{"0":"post-81","1":"product","2":"type-product","3":"status-publish","4":"has-post-thumbnail","6":"product_cat-streaming","8":"first","9":"instock","10":"purchasable","11":"product-type-simple"},"_links":{"self":[{"href":"https:\/\/shop.skycarga.com\/index.php\/wp-json\/wp\/v2\/product\/81","targetHints":{"allow":["GET"]}}],"collection":[{"href":"https:\/\/shop.skycarga.com\/index.php\/wp-json\/wp\/v2\/product"}],"about":[{"href":"https:\/\/shop.skycarga.com\/index.php\/wp-json\/wp\/v2\/types\/product"}],"replies":[{"embeddable":true,"href":"https:\/\/shop.skycarga.com\/index.php\/wp-json\/wp\/v2\/comments?post=81"}],"wp:featuredmedia":[{"embeddable":true,"href":"https:\/\/shop.skycarga.com\/index.php\/wp-json\/wp\/v2\/media\/88"}],"wp:attachment":[{"href":"https:\/\/shop.skycarga.com\/index.php\/wp-json\/wp\/v2\/media?parent=81"}],"wp:term":[{"taxonomy":"product_cat","embeddable":true,"href":"https:\/\/shop.skycarga.com\/index.php\/wp-json\/wp\/v2\/product_cat?post=81"},{"taxonomy":"product_tag","embeddable":true,"href":"https:\/\/shop.skycarga.com\/index.php\/wp-json\/wp\/v2\/product_tag?post=81"}],"curies":[{"name":"wp","href":"https:\/\/api.w.org\/{rel}","templated":true}]}}