{"id":74,"date":"2024-05-06T19:31:58","date_gmt":"2024-05-06T17:31:58","guid":{"rendered":"https:\/\/shop.skycarga.com\/?post_type=product&#038;p=74"},"modified":"2024-05-06T20:31:31","modified_gmt":"2024-05-06T18:31:31","slug":"amazon-fire-tv-stick-lite-control-remoto-por-voz-alexa-lite-no-controla-la-television-dispositivo-de-streaming-en-hd","status":"publish","type":"product","link":"https:\/\/shop.skycarga.com\/index.php\/product\/amazon-fire-tv-stick-lite-control-remoto-por-voz-alexa-lite-no-controla-la-television-dispositivo-de-streaming-en-hd\/","title":{"rendered":"Amazon Fire TV Stick Lite control remoto por voz Alexa | Lite (no controla la televisi\u00f3n), dispositivo de streaming en HD"},"content":{"rendered":"<ul class=\"a-unordered-list a-vertical a-spacing-mini\">\n<li class=\"a-spacing-mini\"><span class=\"a-list-item\">Nuestro Fire TV Stick m\u00e1s econ\u00f3mico: reproducci\u00f3n en streaming r\u00e1pida y con calidad Full HD. Viene con el control remoto por voz Alexa | Lite.<\/span><\/li>\n<li class=\"a-spacing-mini\"><span class=\"a-list-item\">Ideal para usuarios que nunca han usado este tipo de dispositivo: empieza a ver contenido en streaming con acceso a m\u00e1s de 300,000 pel\u00edculas y episodios de series gratuitos usando apps de streaming que tienen comerciales como Amazon Freevee, Tubi, Pluto TV, entre otras.<\/span><\/li>\n<li class=\"a-spacing-mini\"><span class=\"a-list-item\">F\u00e1cil de configurar y discreto: con\u00e9ctalo a la parte trasera de la televisi\u00f3n, enci\u00e9ndela y con\u00e9ctate a Internet para configurarlo.<\/span><\/li>\n<li class=\"a-spacing-mini\"><span class=\"a-list-item\">Presiona un bot\u00f3n para interactuar con Alexa: usa la voz para buscar contenido e iniciar la reproducci\u00f3n en m\u00faltiples apps.<\/span><\/li>\n<li class=\"a-spacing-mini\"><span class=\"a-list-item\">Entretenimiento sin fin: ve por streaming m\u00e1s de 1.5 millones de pel\u00edculas y episodios de series con Netflix, Prime Video, Disney+, Peacock y m\u00e1s. Tambi\u00e9n podr\u00e1s escuchar millones de canciones. Es posible que se apliquen cargos por suscripci\u00f3n.<\/span><\/li>\n<li class=\"a-spacing-mini\"><span class=\"a-list-item\">TV en vivo: ve en vivo tu programaci\u00f3n favorita de televisi\u00f3n, noticias y deportes con suscripciones de SLING TV, YouTube TV, entre otras.<\/span><\/li>\n<li class=\"a-spacing-mini\"><span class=\"a-list-item\">Escucha m\u00fasica: reproduce m\u00fasica en streaming con Amazon Music, Spotify, Pandora y m\u00e1s. Es posible que se apliquen cargos por suscripci\u00f3n.<\/span><\/li>\n<li class=\"a-spacing-mini\"><span class=\"a-list-item\">Controla tu Smart Home: p\u00eddele a Alexa que consulte el estado del tiempo, que aten\u00fae las luces, que muestre el video en vivo de la c\u00e1mara, que ponga m\u00fasica en streaming y m\u00e1s.<\/span><\/li>\n<\/ul>\n","protected":false},"excerpt":{"rendered":"<p><span class=\"a-list-item\">Ideal para usuarios que nunca han usado este tipo de dispositivo: empieza a ver contenido en streaming con acceso a m\u00e1s de 300,000 pel\u00edculas y episodios de series gratuitos usando apps de streaming que tienen comerciales como Amazon Freevee, Tubi, Pluto TV, entre otras.<\/span><\/p>\n<p><span class=\"x193iq5w xeuugli x13faqbe x1vvkbs x1xmvt09 x6prxxf xvq8zen xo1l8bm xzsf02u\"><b>ENVIO GRATIS A TODO COLOMBIA 15 DIAS DE ENTREGA<\/b><\/span><\/p>\n","protected":false},"featured_media":80,"comment_status":"open","ping_status":"closed","template":"","meta":[],"product_cat":[26],"product_tag":[],"class_list":{"0":"post-74","1":"product","2":"type-product","3":"status-publish","4":"has-post-thumbnail","6":"product_cat-streaming","8":"first","9":"instock","10":"purchasable","11":"product-type-simple"},"_links":{"self":[{"href":"https:\/\/shop.skycarga.com\/index.php\/wp-json\/wp\/v2\/product\/74","targetHints":{"allow":["GET"]}}],"collection":[{"href":"https:\/\/shop.skycarga.com\/index.php\/wp-json\/wp\/v2\/product"}],"about":[{"href":"https:\/\/shop.skycarga.com\/index.php\/wp-json\/wp\/v2\/types\/product"}],"replies":[{"embeddable":true,"href":"https:\/\/shop.skycarga.com\/index.php\/wp-json\/wp\/v2\/comments?post=74"}],"wp:featuredmedia":[{"embeddable":true,"href":"https:\/\/shop.skycarga.com\/index.php\/wp-json\/wp\/v2\/media\/80"}],"wp:attachment":[{"href":"https:\/\/shop.skycarga.com\/index.php\/wp-json\/wp\/v2\/media?parent=74"}],"wp:term":[{"taxonomy":"product_cat","embeddable":true,"href":"https:\/\/shop.skycarga.com\/index.php\/wp-json\/wp\/v2\/product_cat?post=74"},{"taxonomy":"product_tag","embeddable":true,"href":"https:\/\/shop.skycarga.com\/index.php\/wp-json\/wp\/v2\/product_tag?post=74"}],"curies":[{"name":"wp","href":"https:\/\/api.w.org\/{rel}","templated":true}]}}