{"id":65,"date":"2024-02-09T19:05:47","date_gmt":"2024-02-09T18:05:47","guid":{"rendered":"https:\/\/shop.skycarga.com\/?post_type=product&#038;p=65"},"modified":"2024-05-06T20:31:14","modified_gmt":"2024-05-06T18:31:14","slug":"jbl-t600btnc-auriculares-inalambricos","status":"publish","type":"product","link":"https:\/\/shop.skycarga.com\/index.php\/product\/jbl-t600btnc-auriculares-inalambricos\/","title":{"rendered":"JBL T600BTNC Auriculares inal\u00e1mbricos"},"content":{"rendered":"<ul class=\"a-unordered-list a-vertical a-spacing-mini\">\n<li class=\"a-spacing-mini\"><span class=\"a-list-item\">JBL Sonido de bajo puro<\/span><\/li>\n<li class=\"a-spacing-mini\"><span class=\"a-list-item\">Cancelaci\u00f3n activa de ruido. Sensibilidad del conductor a 1kHz\/1mW (dB)- 100dB. Impedancia (ohmios)- 32.0. Rango de respuesta de frecuencia din\u00e1mica (Hz)- 20 Hz &#8211; 20 kHz<\/span><\/li>\n<li class=\"a-spacing-mini\"><span class=\"a-list-item\">Tecnolog\u00eda de conectividad: Bluetooth; Al\u00e1mbrico<\/span><\/li>\n<li class=\"a-spacing-mini\"><span class=\"a-list-item\">Duraci\u00f3n de la bater\u00eda de 16 horas | Tiempo de recarga de 2 horas y carga de velocidad (5 minutos = 1 H)<\/span><\/li>\n<li class=\"a-spacing-mini\"><span class=\"a-list-item\">Dise\u00f1o ligero y plegable<\/span><\/li>\n<li class=\"a-spacing-mini\"><span class=\"a-list-item\">Componentes incluidos: auriculares; cable de carga<\/span><\/li>\n<\/ul>\n","protected":false},"excerpt":{"rendered":"<h1 id=\"title\" class=\"a-size-large a-spacing-none\"><span id=\"productTitle\" class=\"a-size-large product-title-word-break\">JBL T600BTNC Auriculares inal\u00e1mbricos Bluetooth con cancelaci\u00f3n de ruido, color negro, talla \u00fanica (renovado)<\/span><\/h1>\n<h1 class=\"a-size-large a-spacing-none\"><strong>ENVIO GRATIS A TODO COLOMBIA 15 DIAS DE ENTREGA<\/strong><\/h1>\n","protected":false},"featured_media":55,"comment_status":"open","ping_status":"closed","template":"","meta":[],"product_cat":[25],"product_tag":[],"class_list":{"0":"post-65","1":"product","2":"type-product","3":"status-publish","4":"has-post-thumbnail","6":"product_cat-audifonos","8":"first","9":"instock","10":"purchasable","11":"product-type-simple"},"_links":{"self":[{"href":"https:\/\/shop.skycarga.com\/index.php\/wp-json\/wp\/v2\/product\/65","targetHints":{"allow":["GET"]}}],"collection":[{"href":"https:\/\/shop.skycarga.com\/index.php\/wp-json\/wp\/v2\/product"}],"about":[{"href":"https:\/\/shop.skycarga.com\/index.php\/wp-json\/wp\/v2\/types\/product"}],"replies":[{"embeddable":true,"href":"https:\/\/shop.skycarga.com\/index.php\/wp-json\/wp\/v2\/comments?post=65"}],"wp:featuredmedia":[{"embeddable":true,"href":"https:\/\/shop.skycarga.com\/index.php\/wp-json\/wp\/v2\/media\/55"}],"wp:attachment":[{"href":"https:\/\/shop.skycarga.com\/index.php\/wp-json\/wp\/v2\/media?parent=65"}],"wp:term":[{"taxonomy":"product_cat","embeddable":true,"href":"https:\/\/shop.skycarga.com\/index.php\/wp-json\/wp\/v2\/product_cat?post=65"},{"taxonomy":"product_tag","embeddable":true,"href":"https:\/\/shop.skycarga.com\/index.php\/wp-json\/wp\/v2\/product_tag?post=65"}],"curies":[{"name":"wp","href":"https:\/\/api.w.org\/{rel}","templated":true}]}}