{"id":114,"date":"2024-05-06T21:24:36","date_gmt":"2024-05-06T19:24:36","guid":{"rendered":"https:\/\/shop.skycarga.com\/?post_type=product&#038;p=114"},"modified":"2024-05-06T21:25:48","modified_gmt":"2024-05-06T19:25:48","slug":"playstation5-console-slim","status":"publish","type":"product","link":"https:\/\/shop.skycarga.com\/index.php\/product\/playstation5-console-slim\/","title":{"rendered":"PlayStation\u00ae5 console (slim)"},"content":{"rendered":"<ul class=\"a-unordered-list a-vertical a-spacing-mini\">\n<li class=\"a-spacing-mini\"><span class=\"a-list-item\">N\u00famero de modelo CFI-2000<\/span><\/li>\n<li class=\"a-spacing-mini\"><span class=\"a-list-item\">Incluye controlador inal\u00e1mbrico DualSense, SSD de 1 TB, unidad de disco, 2 pies horizontales de soporte, cable HDMI, cable de alimentaci\u00f3n de CA, cable USB, materiales impresos, sala de juegos de ASTRO (juego preinstalado)<\/span><\/li>\n<\/ul>\n","protected":false},"excerpt":{"rendered":"<p>La consola PS5 desata nuevas posibilidades de juego que nunca anticipaste. Experimenta una carga ultrarr\u00e1pida con un SSD de ultra alta velocidad, una inmersi\u00f3n m\u00e1s profunda con soporte para retroalimentaci\u00f3n h\u00e1ptica, disparadores adaptativos y audio 3D*, y una nueva generaci\u00f3n de incre\u00edbles juegos de PlayStation Velocidad de rayo: aproveche la potencia de una CPU, GPU y SSD personalizadas con E\/S integradas que reescriben las reglas de lo que una consola PlayStation puede hacer. Juegos impresionantes: marav\u00edllate con gr\u00e1ficos incre\u00edbles y experimenta nuevas caracter\u00edsticas de PS5. Juega un cat\u00e1logo posterior de juegos de PS4 compatibles. Inmersi\u00f3n impresionante: descubre una experiencia de juego m\u00e1s profunda con soporte para retroalimentaci\u00f3n h\u00e1ptica, disparadores adaptativos y tecnolog\u00eda de audio 3D. El soporte vertical se vende por separado. * Audio 3D a trav\u00e9s de altavoces de TV integrados o auriculares est\u00e9reo anal\u00f3gicos\/USB. Se requiere configuraci\u00f3n y actualizaci\u00f3n de software del sistema m\u00e1s reciente.<\/p>\n<p>ENVIO GRATIS A TODO COLOMBIA<\/p>\n","protected":false},"featured_media":115,"comment_status":"open","ping_status":"closed","template":"","meta":[],"product_cat":[28],"product_tag":[],"class_list":{"0":"post-114","1":"product","2":"type-product","3":"status-publish","4":"has-post-thumbnail","6":"product_cat-consolas","8":"first","9":"instock","10":"purchasable","11":"product-type-simple"},"_links":{"self":[{"href":"https:\/\/shop.skycarga.com\/index.php\/wp-json\/wp\/v2\/product\/114","targetHints":{"allow":["GET"]}}],"collection":[{"href":"https:\/\/shop.skycarga.com\/index.php\/wp-json\/wp\/v2\/product"}],"about":[{"href":"https:\/\/shop.skycarga.com\/index.php\/wp-json\/wp\/v2\/types\/product"}],"replies":[{"embeddable":true,"href":"https:\/\/shop.skycarga.com\/index.php\/wp-json\/wp\/v2\/comments?post=114"}],"wp:featuredmedia":[{"embeddable":true,"href":"https:\/\/shop.skycarga.com\/index.php\/wp-json\/wp\/v2\/media\/115"}],"wp:attachment":[{"href":"https:\/\/shop.skycarga.com\/index.php\/wp-json\/wp\/v2\/media?parent=114"}],"wp:term":[{"taxonomy":"product_cat","embeddable":true,"href":"https:\/\/shop.skycarga.com\/index.php\/wp-json\/wp\/v2\/product_cat?post=114"},{"taxonomy":"product_tag","embeddable":true,"href":"https:\/\/shop.skycarga.com\/index.php\/wp-json\/wp\/v2\/product_tag?post=114"}],"curies":[{"name":"wp","href":"https:\/\/api.w.org\/{rel}","templated":true}]}}