{"id":108,"date":"2024-05-06T21:14:09","date_gmt":"2024-05-06T19:14:09","guid":{"rendered":"https:\/\/shop.skycarga.com\/?post_type=product&#038;p=108"},"modified":"2024-05-06T21:14:09","modified_gmt":"2024-05-06T19:14:09","slug":"dji-mini-4k-drone-con-camara-4k-uhd-para-adultos","status":"publish","type":"product","link":"https:\/\/shop.skycarga.com\/index.php\/product\/dji-mini-4k-drone-con-camara-4k-uhd-para-adultos\/","title":{"rendered":"DJI Mini 4K, Drone con C\u00e1mara 4K UHD para Adultos"},"content":{"rendered":"<ul class=\"a-unordered-list a-vertical a-spacing-mini\">\n<li class=\"a-spacing-mini\"><span class=\"a-list-item\"><span>No es necesario registrarse: por debajo de 249 g, no se requiere registro de la FAA ni identificaci\u00f3n remota si vuela con fines recreativos. Visite el sitio web oficial de la FAA para conocer los requisitos relacionados con el registro de drones y la identificaci\u00f3n remota. [1]<\/span><\/span><\/li>\n<li class=\"a-spacing-mini\"><span class=\"a-list-item\"><span>4K Ultra HD y card\u00e1n de 3 ejes para capturas de calidad cinematogr\u00e1fica: capture momentos impresionantes con cualquier iluminaci\u00f3n: amaneceres, atardeceres y escenas nocturnas con una resoluci\u00f3n 4K n\u00edtida. Gracias al card\u00e1n de 3 ejes, puedes conseguir im\u00e1genes con calidad cinematogr\u00e1fica.<\/span><\/span><\/li>\n<li class=\"a-spacing-mini\"><span class=\"a-list-item\"><span>Resistente al viento a 38 km\/h (Nivel 5): DJI Mini 4K mantiene su posici\u00f3n incluso con vientos de nivel 7 y tiene un vuelo estable con vientos de nivel 5. Los motores sin escobillas mejoran la potencia y permiten el despegue a altitudes de hasta 4.000 metros.<\/span><\/span><\/li>\n<li class=\"a-spacing-mini\"><span class=\"a-list-item\"><span>Transmisi\u00f3n de video HD m\u00e1xima de 10 km: hasta 10 km (32,800 pies) [2] de transmisi\u00f3n de video HD y tiene excelentes capacidades antiinterferencias, lo que le brinda la posibilidad de explorar vastos paisajes libremente y ver con mayor claridad.<\/span><\/span><\/li>\n<li class=\"a-spacing-mini\"><span class=\"a-list-item\"><span>Creaci\u00f3n ininterrumpida con duraci\u00f3n extendida de la bater\u00eda: hay tres conjuntos disponibles para elegir: conjunto de 1 bater\u00eda (31 min), conjunto de 2 bater\u00edas (62 min) o conjunto de 3 bater\u00edas (93 min). [3] Dile adi\u00f3s a la ansiedad por la bater\u00eda y no dejes que nada te detenga.<\/span><\/span><\/li>\n<li class=\"a-spacing-mini\"><span class=\"a-list-item\"><span>Seguro y apto para principiantes: DJI Mini 4K admite despegue\/aterrizaje con un solo toque, regreso a casa por GPS (RTH) y vuelo estacionario estable, y operaci\u00f3n sencilla con un solo toque para principiantes. Los recursos de aprendizaje adicionales en la aplicaci\u00f3n te ayudar\u00e1n a dominar el vuelo r\u00e1pidamente.<\/span><\/span><\/li>\n<li class=\"a-spacing-mini\"><span class=\"a-list-item\"><span>Aumente su inspiraci\u00f3n con QuickShots inteligentes: con solo unos pocos toques, DJI Mini 4K graba autom\u00e1ticamente videos de nivel profesional usando Helix, Dronie, Rocket, Circle y Boomerang QuickShots. Conseguir la foto de tus sue\u00f1os es m\u00e1s f\u00e1cil de lo que crees.<\/span><\/span><\/li>\n<\/ul>\n","protected":false},"excerpt":{"rendered":"<h1 id=\"title\" class=\"a-size-large a-spacing-none\"><span id=\"productTitle\" class=\"a-size-large product-title-word-break\"><span>DJI Mini 4K, Drone con C\u00e1mara 4K UHD para Adultos, Menos de 249 g, Estabilizaci\u00f3n Gimbal de 3 Ejes, Transmisi\u00f3n de V\u00eddeo de 10km, Retorno Autom\u00e1tico, Resistencia al Viento, 1 Bater\u00eda para un Tiempo M\u00e1ximo de Vuelo de 31 Min, Vuelo Inteligente<\/span><\/span><\/h1>\n<p>&nbsp;<\/p>\n<p>ENVIO GRATIS A TODO COLOMBIA<\/p>\n","protected":false},"featured_media":109,"comment_status":"open","ping_status":"closed","template":"","meta":[],"product_cat":[27],"product_tag":[],"class_list":{"0":"post-108","1":"product","2":"type-product","3":"status-publish","4":"has-post-thumbnail","6":"product_cat-drones","8":"first","9":"instock","10":"purchasable","11":"product-type-simple"},"_links":{"self":[{"href":"https:\/\/shop.skycarga.com\/index.php\/wp-json\/wp\/v2\/product\/108","targetHints":{"allow":["GET"]}}],"collection":[{"href":"https:\/\/shop.skycarga.com\/index.php\/wp-json\/wp\/v2\/product"}],"about":[{"href":"https:\/\/shop.skycarga.com\/index.php\/wp-json\/wp\/v2\/types\/product"}],"replies":[{"embeddable":true,"href":"https:\/\/shop.skycarga.com\/index.php\/wp-json\/wp\/v2\/comments?post=108"}],"wp:featuredmedia":[{"embeddable":true,"href":"https:\/\/shop.skycarga.com\/index.php\/wp-json\/wp\/v2\/media\/109"}],"wp:attachment":[{"href":"https:\/\/shop.skycarga.com\/index.php\/wp-json\/wp\/v2\/media?parent=108"}],"wp:term":[{"taxonomy":"product_cat","embeddable":true,"href":"https:\/\/shop.skycarga.com\/index.php\/wp-json\/wp\/v2\/product_cat?post=108"},{"taxonomy":"product_tag","embeddable":true,"href":"https:\/\/shop.skycarga.com\/index.php\/wp-json\/wp\/v2\/product_tag?post=108"}],"curies":[{"name":"wp","href":"https:\/\/api.w.org\/{rel}","templated":true}]}}