{"id":101,"date":"2024-05-06T21:07:21","date_gmt":"2024-05-06T19:07:21","guid":{"rendered":"https:\/\/shop.skycarga.com\/?post_type=product&#038;p=101"},"modified":"2024-05-06T21:11:32","modified_gmt":"2024-05-06T19:11:32","slug":"roku-express-dispositivo-de-transmision-hd-roku-con-control-remoto-estandar-sin-controles-de-tv-tv-gratuita-y-en-vivo","status":"publish","type":"product","link":"https:\/\/shop.skycarga.com\/index.php\/product\/roku-express-dispositivo-de-transmision-hd-roku-con-control-remoto-estandar-sin-controles-de-tv-tv-gratuita-y-en-vivo\/","title":{"rendered":"Roku Express | Dispositivo de transmisi\u00f3n HD Roku con control remoto est\u00e1ndar (sin controles de TV), TV gratuita y en vivo"},"content":{"rendered":"<ul class=\"a-unordered-list a-vertical a-spacing-mini\">\n<li class=\"a-spacing-mini\"><span class=\"a-list-item\">R\u00e1pido y potente: disfruta de una experiencia de transmisi\u00f3n HD perfecta para nuevos usuarios pero lo suficientemente potente para profesionales experimentados<\/span><\/li>\n<li class=\"a-spacing-mini\"><span class=\"a-list-item\">Configuraci\u00f3n guiada r\u00e1pida: simplemente con\u00e9ctelo a su televisor y con\u00e9ctelo a Internet para comenzar a transmitir, no necesita adaptador de corriente<\/span><\/li>\n<li class=\"a-spacing-mini\"><span class=\"a-list-item\">Mira lo que te gusta: Transmita una selecci\u00f3n masiva de TV gratis, en vivo y premium, incluyendo m\u00e1s de 400 canales de TV en vivo gratuitos<\/span><\/li>\n<li class=\"a-spacing-mini\"><span class=\"a-list-item\">Control remoto est\u00e1ndar: el mando a distancia incluido solo tiene los botones que necesita para transmitir, incluidos accesos directos a canales populares<\/span><\/li>\n<li class=\"a-spacing-mini\"><span class=\"a-list-item\">Siempre actualizado: obtenga las \u00faltimas funciones, los canales m\u00e1s recientes y m\u00e1s con las actualizaciones autom\u00e1ticas de software\u200b<\/span><\/li>\n<li class=\"a-spacing-mini\"><span class=\"a-list-item\">Pantalla de inicio personalizable: Todos tus canales favoritos como Netflix, Prime Video y Apple TV+ est\u00e1n al frente y al centro<\/span><\/li>\n<li class=\"a-spacing-mini\"><span class=\"a-list-item\">Modo de auriculares en el m\u00f3vil: escucha tu televisor con auriculares con cable o inal\u00e1mbricos usando la aplicaci\u00f3n m\u00f3vil Roku<\/span><\/li>\n<li class=\"a-spacing-mini\"><span class=\"a-list-item\">Funciona con asistentes de voz populares: disfruta de un f\u00e1cil control de voz con Siri, Alexa y Hey Google<\/span><\/li>\n<\/ul>\n","protected":false},"excerpt":{"rendered":"<p><span class=\"a-list-item\">Mira lo que te gusta: Transmita una selecci\u00f3n masiva de TV gratis, en vivo y premium, incluyendo m\u00e1s de 400 canales de TV en vivo gratuitos<\/span><\/p>\n<p>ENVIO GRATIS A TODO COLOMBIA<\/p>\n","protected":false},"featured_media":102,"comment_status":"open","ping_status":"closed","template":"","meta":[],"product_cat":[15],"product_tag":[],"class_list":{"0":"post-101","1":"product","2":"type-product","3":"status-publish","4":"has-post-thumbnail","6":"product_cat-uncategorized","8":"first","9":"instock","10":"purchasable","11":"product-type-simple"},"_links":{"self":[{"href":"https:\/\/shop.skycarga.com\/index.php\/wp-json\/wp\/v2\/product\/101","targetHints":{"allow":["GET"]}}],"collection":[{"href":"https:\/\/shop.skycarga.com\/index.php\/wp-json\/wp\/v2\/product"}],"about":[{"href":"https:\/\/shop.skycarga.com\/index.php\/wp-json\/wp\/v2\/types\/product"}],"replies":[{"embeddable":true,"href":"https:\/\/shop.skycarga.com\/index.php\/wp-json\/wp\/v2\/comments?post=101"}],"wp:featuredmedia":[{"embeddable":true,"href":"https:\/\/shop.skycarga.com\/index.php\/wp-json\/wp\/v2\/media\/102"}],"wp:attachment":[{"href":"https:\/\/shop.skycarga.com\/index.php\/wp-json\/wp\/v2\/media?parent=101"}],"wp:term":[{"taxonomy":"product_cat","embeddable":true,"href":"https:\/\/shop.skycarga.com\/index.php\/wp-json\/wp\/v2\/product_cat?post=101"},{"taxonomy":"product_tag","embeddable":true,"href":"https:\/\/shop.skycarga.com\/index.php\/wp-json\/wp\/v2\/product_tag?post=101"}],"curies":[{"name":"wp","href":"https:\/\/api.w.org\/{rel}","templated":true}]}}